{"id":417,"date":"2026-03-31T12:52:20","date_gmt":"2026-03-31T09:52:20","guid":{"rendered":"https:\/\/droykuozboruaskan.com\/?page_id=417"},"modified":"2026-04-01T08:36:07","modified_gmt":"2026-04-01T05:36:07","slug":"iletisim-2","status":"publish","type":"page","link":"https:\/\/droykuozboruaskan.com\/en\/iletisim-2\/","title":{"rendered":"Contact"},"content":{"rendered":"<div class=\"wpb-content-wrapper\"><p>[vc_row][vc_column][vc_column_text]<\/p>\n<div>\n<p>[\/vc_column_text][\/vc_column][\/vc_row][vc_row][vc_column width=&#8221;1\/3&#8243;]<div class=\"ult-content-box-container \" >\t\t<div class=\"ult-content-box\" style=\"background-color:#00000000;box-shadow: px px px px none;border-style:solid;border-width:1px;border-radius:10px;border-color:#8b9d83;padding:25px;-webkit-transition: all 700ms ease;-moz-transition: all 700ms ease;-ms-transition: all 700ms ease;-o-transition: all 700ms ease;transition: all 700ms ease;\"  data-hover_box_shadow=\"none\"  data-hover_border_color=\"#8B9D83\"     data-bg=\"#00000000\"  data-border_color=\"#8b9d83\" ><div id=\"ultimate-heading-414969e61bce66ddf\" class=\"uvc-heading ult-adjust-bottom-margin ultimate-heading-414969e61bce66ddf uvc-5169  uvc-heading-default-font-sizes\" data-hspacer=\"no_spacer\"  data-halign=\"left\" style=\"text-align:left\"><div class=\"uvc-heading-spacer no_spacer\" style=\"top\"><\/div><div class=\"uvc-main-heading ult-responsive\"  data-ultimate-target='.uvc-heading.ultimate-heading-414969e61bce66ddf h3'  data-responsive-json-new='{\"font-size\":\"\",\"line-height\":\"\"}' ><h3 style=\"--font-weight:theme;color:#8B9D83;\">How can I help you?<\/h3><\/div><div class=\"uvc-sub-heading ult-responsive\"  data-ultimate-target='.uvc-heading.ultimate-heading-414969e61bce66ddf .uvc-sub-heading '  data-responsive-json-new='{\"font-size\":\"\",\"line-height\":\"\"}'  style=\"font-weight:normal;color:#0A0A0A;margin-bottom:30px;\"><\/p>\n<div>You can fill out the form for appointment requests, follow-up inquiries, or general questions. Your message will reach me\/my team and will be read carefully.<\/div>\n<ul>\n<li>Select your preferred contact method.<\/li>\n<li>Please include your available days\/time slots.<\/li>\n<li>In emergencies, please call 112.<\/li>\n<\/ul>\n<div><\/div>\n<p><\/div><\/div>\t\t<\/div><\/div>[\/vc_column][vc_column width=&#8221;2\/3&#8243;]<div class=\"ult-content-box-container \" >\t\t<div class=\"ult-content-box\" style=\"background-color:#F5F1ED;box-shadow: px px px px none;border-style:solid;border-width:0px;border-radius:15px;padding:30px;-webkit-transition: all 700ms ease;-moz-transition: all 700ms ease;-ms-transition: all 700ms ease;-o-transition: all 700ms ease;transition: all 700ms ease;\"  data-hover_box_shadow=\"none\"     data-bg=\"#F5F1ED\"  data-border_color=\"\" >\n<div class=\"wpcf7 no-js\" id=\"wpcf7-f7-o2\" lang=\"tr-TR\" dir=\"ltr\" data-wpcf7-id=\"7\">\n<div class=\"screen-reader-response\"><p role=\"status\" aria-live=\"polite\" aria-atomic=\"true\"><\/p> <ul><\/ul><\/div>\n<form action=\"\/en\/wp-json\/wp\/v2\/pages\/417#wpcf7-f7-o2\" method=\"post\" class=\"wpcf7-form init\" aria-label=\"\u0130leti\u015fim Formu\" novalidate=\"novalidate\" data-status=\"init\">\n<fieldset class=\"hidden-fields-container\"><input type=\"hidden\" name=\"_wpcf7\" value=\"7\" \/><input type=\"hidden\" name=\"_wpcf7_version\" value=\"6.1.5\" \/><input type=\"hidden\" name=\"_wpcf7_locale\" value=\"tr_TR\" \/><input type=\"hidden\" name=\"_wpcf7_unit_tag\" value=\"wpcf7-f7-o2\" \/><input type=\"hidden\" name=\"_wpcf7_container_post\" value=\"0\" \/><input type=\"hidden\" name=\"_wpcf7_posted_data_hash\" value=\"\" \/>\n<\/fieldset>\n<p><label>Full Name<span class=\"wpcf7-form-control-wrap\" data-name=\"your-name\"><input size=\"40\" maxlength=\"400\" class=\"wpcf7-form-control wpcf7-text wpcf7-validates-as-required\" autocomplete=\"name\" aria-required=\"true\" aria-invalid=\"false\" value=\"\" type=\"text\" name=\"your-name\" \/><\/span><\/label>\n<\/p>\n<div style=\"display:flex; margin-inline:-10px;\">\n\t<div style=\"margin-inline:10px;\">\n\t\t<p><label>Email<br \/>\n<span class=\"wpcf7-form-control-wrap\" data-name=\"your-email\"><input size=\"40\" maxlength=\"400\" class=\"wpcf7-form-control wpcf7-email wpcf7-validates-as-required wpcf7-text wpcf7-validates-as-email\" autocomplete=\"email\" aria-required=\"true\" aria-invalid=\"false\" value=\"\" type=\"email\" name=\"your-email\" \/><\/span><\/label>\n\t\t<\/p>\n\t<\/div>\n\t<div style=\"margin-inline:10px;\">\n\t\t<p><label>Phone<br \/>\n<span class=\"wpcf7-form-control-wrap\" data-name=\"your-phone\"><input size=\"40\" maxlength=\"400\" class=\"wpcf7-form-control wpcf7-tel wpcf7-validates-as-required wpcf7-text wpcf7-validates-as-tel\" autocomplete=\"tel\" aria-required=\"true\" aria-invalid=\"false\" value=\"\" type=\"tel\" name=\"your-phone\" \/><\/span><\/label>\n\t\t<\/p>\n\t<\/div>\n<\/div>\n<p><label>Subject<br \/>\n<span class=\"wpcf7-form-control-wrap\" data-name=\"topic\"><select class=\"wpcf7-form-control wpcf7-select wpcf7-validates-as-required\" aria-required=\"true\" aria-invalid=\"false\" name=\"topic\"><option value=\"\">Select<\/option><option value=\"Appointment Request\">Appointment Request<\/option><option value=\"Growth &amp; Development Monitoring\">Growth &amp; Development Monitoring<\/option><option value=\"Nutrition \/ Breastfeeding\">Nutrition \/ Breastfeeding<\/option><option value=\"Sleep Counseling\">Sleep Counseling<\/option><option value=\"Vaccinations \/ Preventive Care\">Vaccinations \/ Preventive Care<\/option><option value=\"About Results \/ Reports \/ Tests\">About Results \/ Reports \/ Tests<\/option><option value=\"Administrative Matters (fees, address, office hours)\">Administrative Matters (fees, address, office hours)<\/option><option value=\"Other\">Other<\/option><\/select><\/span><\/label>\n<\/p>\n<p><label>Patient age group<br \/>\n<span class=\"wpcf7-form-control-wrap\" data-name=\"patient-type\"><select class=\"wpcf7-form-control wpcf7-select\" aria-invalid=\"false\" name=\"patient-type\"><option value=\"\">Select<\/option><option value=\"Infant (0-12 months)\">Infant (0-12 months)<\/option><option value=\"Child (1-10 years)\">Child (1-10 years)<\/option><option value=\"Adolescent (11-18 years)\">Adolescent (11-18 years)<\/option><\/select><\/span><\/label>\n<\/p>\n<p><label>Your Message<br \/>\n<span class=\"wpcf7-form-control-wrap\" data-name=\"your-message\"><textarea cols=\"40\" rows=\"10\" maxlength=\"2000\" class=\"wpcf7-form-control wpcf7-textarea wpcf7-validates-as-required\" aria-required=\"true\" aria-invalid=\"false\" placeholder=\"Briefly describe your inquiry. For appointments, you may include your available days\/times and the reason for the visit.\" name=\"your-message\"><\/textarea><\/span><\/label>\n<\/p>\n<p><label><span class=\"wpcf7-form-control-wrap\" data-name=\"newsletter-consent\"><span class=\"wpcf7-form-control wpcf7-checkbox\"><span class=\"wpcf7-list-item first last\"><input type=\"checkbox\" name=\"newsletter-consent[]\" value=\"I agree to receive informational content and announcements about child health at my email address. (Optional)\" \/><span class=\"wpcf7-list-item-label\">I agree to receive informational content and announcements about child health at my email address. (Optional)<\/span><\/span><\/span><\/span><br \/>\n<\/label>\n<\/p>\n<p><label><span class=\"wpcf7-form-control-wrap\" data-name=\"kvkk-consent\"><span class=\"wpcf7-form-control wpcf7-acceptance\"><span class=\"wpcf7-list-item\"><label><input type=\"checkbox\" name=\"kvkk-consent\" value=\"1\" aria-invalid=\"false\" \/><span class=\"wpcf7-list-item-label\">I have read the Personal Data Protection Information Notice and consent to the processing of my personal data within the scope of my contact request.<\/span><\/label><\/span><\/span><\/span><\/label>\n<\/p>\n\n<p><input class=\"wpcf7-form-control wpcf7-submit has-spinner\" type=\"submit\" value=\"Send\" \/>\n<\/p>\n<style>.wpcf7-not-valid-tip{display:block;}\n<\/style><div class=\"wpcf7-response-output\" aria-hidden=\"true\"><\/div>\n<\/form>\n<\/div>\n\t\t<\/div><\/div>[\/vc_column][\/vc_row][vc_row][vc_column][vc_empty_space height=&#8221;30px&#8221;]<div class=\"ult-content-box-container \" >\t\t<div class=\"ult-content-box\" style=\"background-color:#8B9D83;box-shadow: px px px px none;border-style:solid;border-width:0px;border-radius:15px;padding:20px;-webkit-transition: all 700ms ease;-moz-transition: all 700ms ease;-ms-transition: all 700ms ease;-o-transition: all 700ms ease;transition: all 700ms ease;\"  data-hover_box_shadow=\"none\"     data-bg=\"#8B9D83\"  data-border_color=\"\" >[vc_row_inner][vc_column_inner width=&#8221;1\/3&#8243;][vc_column_text css=&#8221;&#8221;]<\/p>\n<h4><span style=\"color: #ffffff;\">Address<\/span><\/h4>\n<div><span style=\"color: #ffffff;\">K\u00fc\u00e7\u00fckbakkalk\u00f6y, Kocasinan Cd No:45 Villa 3, 34636 Ata\u015fehir\/Istanbul<\/span><\/div>\n<h4><span style=\"color: #ffffff;\">Phone<\/span><\/h4>\n<div><span style=\"color: #ffffff;\">+90 531 305 19 80<\/span><\/div>\n<div>\n<h4><span style=\"color: #ffffff;\">Email<\/span><\/h4>\n<p><span style=\"color: #ffffff;\">info@droykuozboruaskan.com<\/span><\/p>\n<\/div>\n<p>[\/vc_column_text][\/vc_column_inner][vc_column_inner width=&#8221;2\/3&#8243;][vc_goo_maps location=&#8221;Dr. \u00d6yk\u00fc \u00d6zb\u00f6r\u00fc A\u015fkan&#8221; height=&#8221;400&#8243; zoom=&#8221;18&#8243; css=&#8221;.vc_custom_1774950758207{margin-bottom: 0px !important;}&#8221;][\/vc_column_inner][\/vc_row_inner]\t\t<\/div><\/div>[\/vc_column][\/vc_row][vc_row][vc_column][vc_column_text]<\/p>\n<\/div>\n<p>[\/vc_column_text][\/vc_column][\/vc_row]<\/p>\n<\/div>","protected":false},"excerpt":{"rendered":"<p>[vc_row][vc_column][vc_column_text] [\/vc_column_text][\/vc_column][\/vc_row][vc_row][vc_column width=&#8221;1\/3&#8243;][\/vc_column][vc_column width=&#8221;2\/3&#8243;][\/vc_column][\/vc_row][vc_row][vc_column][vc_empty_space height=&#8221;30px&#8221;][\/vc_column][\/vc_row][vc_row][vc_column][vc_column_text] [\/vc_column_text][\/vc_column][\/vc_row]<\/p>\n","protected":false},"author":4,"featured_media":0,"parent":0,"menu_order":0,"comment_status":"closed","ping_status":"closed","template":"","meta":{"footnotes":""},"class_list":["post-417","page","type-page","status-publish","hentry","description-off"],"_links":{"self":[{"href":"https:\/\/droykuozboruaskan.com\/en\/wp-json\/wp\/v2\/pages\/417","targetHints":{"allow":["GET"]}}],"collection":[{"href":"https:\/\/droykuozboruaskan.com\/en\/wp-json\/wp\/v2\/pages"}],"about":[{"href":"https:\/\/droykuozboruaskan.com\/en\/wp-json\/wp\/v2\/types\/page"}],"author":[{"embeddable":true,"href":"https:\/\/droykuozboruaskan.com\/en\/wp-json\/wp\/v2\/users\/4"}],"replies":[{"embeddable":true,"href":"https:\/\/droykuozboruaskan.com\/en\/wp-json\/wp\/v2\/comments?post=417"}],"version-history":[{"count":5,"href":"https:\/\/droykuozboruaskan.com\/en\/wp-json\/wp\/v2\/pages\/417\/revisions"}],"predecessor-version":[{"id":476,"href":"https:\/\/droykuozboruaskan.com\/en\/wp-json\/wp\/v2\/pages\/417\/revisions\/476"}],"wp:attachment":[{"href":"https:\/\/droykuozboruaskan.com\/en\/wp-json\/wp\/v2\/media?parent=417"}],"curies":[{"name":"wp","href":"https:\/\/api.w.org\/{rel}","templated":true}]}}